{"id":17,"date":"2018-03-11T02:47:17","date_gmt":"2018-03-11T02:47:17","guid":{"rendered":"http:\/\/demo.megathe.me\/test2\/loraine\/?page_id=17"},"modified":"2020-07-13T17:52:27","modified_gmt":"2020-07-13T15:52:27","slug":"about","status":"publish","type":"page","link":"http:\/\/zrobimyremont.pl\/index.php\/about\/","title":{"rendered":"O nas"},"content":{"rendered":"[vc_row el_class=&#8221;light-margin-top no-margin-bottom&#8221;][vc_column][vc_column_text]\r\n<p style=\"text-align: center;\"><strong>Mamy 20 lat do\u015bwiadczenia w remontach, wyko\u0144czeniach i budowach. Ka\u017cda nieruchomo\u015b\u0107, kt\u00f3r\u0105 dostajemy pod opiek\u0119 traktowana jest przez nas jak w\u0142asna a prac\u0119 wykonujemy z takim efektem, jakiego sami by\u015bmy oczekiwali na miejscu klienta.<\/strong><\/p>\r\n<p style=\"text-align: center;\"><span style=\"text-decoration: underline;\">Realizujemy kompleksowe wyko\u0144czenia mieszka\u0144, dom\u00f3w i lokali u\u017cytkowych &#8222;POD KLUCZ&#8221;.<\/span><\/p>\r\n<p style=\"text-align: center;\">S\u0142u\u017cymy pomoc\u0105, wiedz\u0105 i do\u015bwiadczeniem. Pomagamy dobra\u0107 odpowiednie materia\u0142y oraz w razie potrzeby sugerujemy najlepsze rozwi\u0105zania. Wyka\u0144czamy w zale\u017cno\u015bci od potrzeb i bud\u017cetu w r\u00f3\u017cnych standardach.<\/p>\r\n<p style=\"text-align: center;\"><strong>Dzia\u0142amy na terenie Warszawy i okolic.<\/strong><\/p>\r\n[\/vc_column_text][\/vc_column][\/vc_row][vc_row el_class=&#8221;no-margin-top light-margin-bottom&#8221;][vc_column][vc_images_carousel images=&#8221;182,196,118&#8243; img_size=&#8221;full&#8221; onclick=&#8221;link_no&#8221; speed=&#8221;3000&#8243; autoplay=&#8221;yes&#8221; hide_prev_next_buttons=&#8221;yes&#8221; wrap=&#8221;yes&#8221; css_animation=&#8221;none&#8221;][\/vc_column][\/vc_row]","protected":false},"excerpt":{"rendered":"<p>[vc_row el_class=&#8221;light-margin-top no-margin-bottom&#8221;][vc_column][vc_column_text] Mamy 20 lat do\u015bwiadczenia w remontach, wyko\u0144czeniach i budowach. Ka\u017cda nieruchomo\u015b\u0107, kt\u00f3r\u0105 dostajemy pod opiek\u0119 traktowana jest przez nas jak w\u0142asna a prac\u0119 wykonujemy z takim efektem, jakiego sami by\u015bmy oczekiwali na miejscu klienta. Realizujemy kompleksowe wyko\u0144czenia mieszka\u0144, dom\u00f3w i lokali u\u017cytkowych &#8222;POD KLUCZ&#8221;. S\u0142u\u017cymy pomoc\u0105, wiedz\u0105 i do\u015bwiadczeniem. Pomagamy dobra\u0107 odpowiednie &hellip;<\/p>\n","protected":false},"author":1,"featured_media":0,"parent":0,"menu_order":0,"comment_status":"closed","ping_status":"closed","template":"blank-page.php","meta":{"inline_featured_image":false,"footnotes":""},"class_list":["post-17","page","type-page","status-publish","hentry"],"_links":{"self":[{"href":"http:\/\/zrobimyremont.pl\/index.php\/wp-json\/wp\/v2\/pages\/17","targetHints":{"allow":["GET"]}}],"collection":[{"href":"http:\/\/zrobimyremont.pl\/index.php\/wp-json\/wp\/v2\/pages"}],"about":[{"href":"http:\/\/zrobimyremont.pl\/index.php\/wp-json\/wp\/v2\/types\/page"}],"author":[{"embeddable":true,"href":"http:\/\/zrobimyremont.pl\/index.php\/wp-json\/wp\/v2\/users\/1"}],"replies":[{"embeddable":true,"href":"http:\/\/zrobimyremont.pl\/index.php\/wp-json\/wp\/v2\/comments?post=17"}],"version-history":[{"count":6,"href":"http:\/\/zrobimyremont.pl\/index.php\/wp-json\/wp\/v2\/pages\/17\/revisions"}],"predecessor-version":[{"id":1956,"href":"http:\/\/zrobimyremont.pl\/index.php\/wp-json\/wp\/v2\/pages\/17\/revisions\/1956"}],"wp:attachment":[{"href":"http:\/\/zrobimyremont.pl\/index.php\/wp-json\/wp\/v2\/media?parent=17"}],"curies":[{"name":"wp","href":"https:\/\/api.w.org\/{rel}","templated":true}]}}